{"id":53,"date":"2019-07-18T11:26:27","date_gmt":"2019-07-18T09:26:27","guid":{"rendered":"http:\/\/kotrbova.cz\/?page_id=53"},"modified":"2025-09-28T18:13:40","modified_gmt":"2025-09-28T16:13:40","slug":"kosmetika","status":"publish","type":"page","link":"https:\/\/kotrbova.cz\/?page_id=53","title":{"rendered":"Kosmetika"},"content":{"rendered":"\n<p> Dr\u017e\u00edme se na\u0161eho motta&nbsp;<strong><em>&#8222;VYPADAT DOB\u0158E ZNAMEN\u00c1 C\u00cdTIT SE&nbsp;DOB\u0158E&#8220;.<\/em><\/strong>&nbsp;Nab\u00edz\u00edme v\u00e1m kompletn\u00ed p\u00e9\u010di o cel\u00e9 va\u0161e t\u011blo za velice p\u0159\u00edzniv\u00e9 ceny. <\/p>\n\n\n\n<p><\/p>\n\n\n\n<p>Odl\u00ed\u010den\u00ed<\/p>\n\n\n\n<p>\u00daprava a barven\u00ed \u0159as a obo\u010d\u00ed<\/p>\n\n\n\n<p>\u010ci\u0161t\u011bn\u00ed pleti &#8211; ultrazvukov\u00e1 \u0161pachtle<\/p>\n\n\n\n<p>Peeling<\/p>\n\n\n\n<p>Dermobraze<\/p>\n\n\n\n<p>Ple\u0165ov\u00e1 mas\u00e1\u017e<\/p>\n\n\n\n<p>Maska dle typu pleti<\/p>\n\n\n\n<p>Depilace horn\u00edho rtu<\/p>\n\n\n\n<p><em>Cen\u00edk k nahl\u00e9dnut\u00ed na provozovn\u011b<\/em>.<\/p>\n","protected":false},"excerpt":{"rendered":"<p>Dr\u017e\u00edme se na\u0161eho motta&nbsp;&#8222;VYPADAT DOB\u0158E ZNAMEN\u00c1 C\u00cdTIT SE&nbsp;DOB\u0158E&#8220;.&nbsp;Nab\u00edz\u00edme v\u00e1m kompletn\u00ed p\u00e9\u010di o cel\u00e9 va\u0161e t\u011blo za velice p\u0159\u00edzniv\u00e9 ceny. Odl\u00ed\u010den\u00ed \u00daprava a barven\u00ed \u0159as a obo\u010d\u00ed \u010ci\u0161t\u011bn\u00ed pleti &#8211; ultrazvukov\u00e1 \u0161pachtle Peeling Dermobraze Ple\u0165ov\u00e1 mas\u00e1\u017e Maska dle typu pleti Depilace horn\u00edho rtu Cen\u00edk k nahl\u00e9dnut\u00ed na provozovn\u011b.<\/p>\n","protected":false},"author":1,"featured_media":0,"parent":0,"menu_order":0,"comment_status":"closed","ping_status":"closed","template":"","meta":{"footnotes":""},"class_list":["post-53","page","type-page","status-publish","hentry"],"_links":{"self":[{"href":"https:\/\/kotrbova.cz\/index.php?rest_route=\/wp\/v2\/pages\/53","targetHints":{"allow":["GET"]}}],"collection":[{"href":"https:\/\/kotrbova.cz\/index.php?rest_route=\/wp\/v2\/pages"}],"about":[{"href":"https:\/\/kotrbova.cz\/index.php?rest_route=\/wp\/v2\/types\/page"}],"author":[{"embeddable":true,"href":"https:\/\/kotrbova.cz\/index.php?rest_route=\/wp\/v2\/users\/1"}],"replies":[{"embeddable":true,"href":"https:\/\/kotrbova.cz\/index.php?rest_route=%2Fwp%2Fv2%2Fcomments&post=53"}],"version-history":[{"count":17,"href":"https:\/\/kotrbova.cz\/index.php?rest_route=\/wp\/v2\/pages\/53\/revisions"}],"predecessor-version":[{"id":287,"href":"https:\/\/kotrbova.cz\/index.php?rest_route=\/wp\/v2\/pages\/53\/revisions\/287"}],"wp:attachment":[{"href":"https:\/\/kotrbova.cz\/index.php?rest_route=%2Fwp%2Fv2%2Fmedia&parent=53"}],"curies":[{"name":"wp","href":"https:\/\/api.w.org\/{rel}","templated":true}]}}