{"id":39,"date":"2019-07-18T11:10:31","date_gmt":"2019-07-18T09:10:31","guid":{"rendered":"http:\/\/kotrbova.cz\/?page_id=39"},"modified":"2025-09-28T18:20:41","modified_gmt":"2025-09-28T16:20:41","slug":"manikura","status":"publish","type":"page","link":"https:\/\/kotrbova.cz\/?page_id=39","title":{"rendered":"Manik\u00fara"},"content":{"rendered":"\n<ul class=\"wp-block-list\">\n<li>o\u0161et\u0159en\u00ed rukou<\/li>\n\n\n\n<li>paraf\u00edn<\/li>\n\n\n\n<li>japonsk\u00e1 manik\u00fara P.SHINE<\/li>\n\n\n\n<li>lakov\u00e1n\u00ed neht\u016f<\/li>\n\n\n\n<li>dekorativn\u00ed lakov\u00e1n\u00ed neht\u016f,zdoben\u00ed<\/li>\n\n\n\n<li>polygel<\/li>\n\n\n\n<li>gelov\u00e9 nehty s UV lampou<\/li>\n<\/ul>\n\n\n\n<p><em>Cen\u00edk k nahl\u00e9dnut\u00ed na provozovn\u011b.<\/em><\/p>\n","protected":false},"excerpt":{"rendered":"<p>Cen\u00edk k nahl\u00e9dnut\u00ed na provozovn\u011b.<\/p>\n","protected":false},"author":1,"featured_media":0,"parent":0,"menu_order":0,"comment_status":"closed","ping_status":"closed","template":"","meta":{"footnotes":""},"class_list":["post-39","page","type-page","status-publish","hentry"],"_links":{"self":[{"href":"https:\/\/kotrbova.cz\/index.php?rest_route=\/wp\/v2\/pages\/39","targetHints":{"allow":["GET"]}}],"collection":[{"href":"https:\/\/kotrbova.cz\/index.php?rest_route=\/wp\/v2\/pages"}],"about":[{"href":"https:\/\/kotrbova.cz\/index.php?rest_route=\/wp\/v2\/types\/page"}],"author":[{"embeddable":true,"href":"https:\/\/kotrbova.cz\/index.php?rest_route=\/wp\/v2\/users\/1"}],"replies":[{"embeddable":true,"href":"https:\/\/kotrbova.cz\/index.php?rest_route=%2Fwp%2Fv2%2Fcomments&post=39"}],"version-history":[{"count":4,"href":"https:\/\/kotrbova.cz\/index.php?rest_route=\/wp\/v2\/pages\/39\/revisions"}],"predecessor-version":[{"id":293,"href":"https:\/\/kotrbova.cz\/index.php?rest_route=\/wp\/v2\/pages\/39\/revisions\/293"}],"wp:attachment":[{"href":"https:\/\/kotrbova.cz\/index.php?rest_route=%2Fwp%2Fv2%2Fmedia&parent=39"}],"curies":[{"name":"wp","href":"https:\/\/api.w.org\/{rel}","templated":true}]}}