{"id":15,"date":"2019-07-18T09:36:57","date_gmt":"2019-07-18T07:36:57","guid":{"rendered":"http:\/\/kotrbova.cz\/?page_id=15"},"modified":"2025-09-28T18:21:53","modified_gmt":"2025-09-28T16:21:53","slug":"uvod","status":"publish","type":"page","link":"https:\/\/kotrbova.cz\/","title":{"rendered":"\u00davod"},"content":{"rendered":"\n<p><strong>V\u00edt\u00e1me v\u00e1s<\/strong>\u00a0na str\u00e1nk\u00e1ch pan\u00ed Marie Kotrbov\u00e9. Dr\u017e\u00edme se na\u0161eho motta:\u00a0<strong>&#8222;Vypadat dob\u0159e znamen\u00e1 c\u00edtit se\u00a0dob\u0159e.&#8220;<\/strong>\u00a0Proto v\u00e1m v na\u0161ich salonech nab\u00eddneme kompletn\u00ed p\u00e9\u010di o cel\u00e9 t\u011blo za ceny, kter\u00e9 jsou opravdu pro ka\u017ed\u00e9ho. Jste n\u00e1ro\u010dn\u00ed a vy\u017eadujete nadstandartn\u00ed slu\u017eby? I takto se o v\u00e1s um\u00edme postarat. Sta\u010d\u00ed si jen vybrat z na\u0161\u00ed\u00a0\u0161irok\u00e9 nab\u00eddky.<\/p>\n","protected":false},"excerpt":{"rendered":"<p>V\u00edt\u00e1me v\u00e1s\u00a0na str\u00e1nk\u00e1ch pan\u00ed Marie Kotrbov\u00e9. Dr\u017e\u00edme se na\u0161eho motta:\u00a0&#8222;Vypadat dob\u0159e znamen\u00e1 c\u00edtit se\u00a0dob\u0159e.&#8220;\u00a0Proto v\u00e1m v na\u0161ich salonech nab\u00eddneme kompletn\u00ed p\u00e9\u010di o cel\u00e9 t\u011blo za ceny, kter\u00e9 jsou opravdu pro ka\u017ed\u00e9ho. Jste n\u00e1ro\u010dn\u00ed a vy\u017eadujete nadstandartn\u00ed slu\u017eby? I takto se o v\u00e1s um\u00edme postarat. Sta\u010d\u00ed si jen vybrat z na\u0161\u00ed\u00a0\u0161irok\u00e9 nab\u00eddky.<\/p>\n","protected":false},"author":1,"featured_media":0,"parent":0,"menu_order":0,"comment_status":"closed","ping_status":"closed","template":"","meta":{"footnotes":""},"class_list":["post-15","page","type-page","status-publish","hentry"],"_links":{"self":[{"href":"https:\/\/kotrbova.cz\/index.php?rest_route=\/wp\/v2\/pages\/15","targetHints":{"allow":["GET"]}}],"collection":[{"href":"https:\/\/kotrbova.cz\/index.php?rest_route=\/wp\/v2\/pages"}],"about":[{"href":"https:\/\/kotrbova.cz\/index.php?rest_route=\/wp\/v2\/types\/page"}],"author":[{"embeddable":true,"href":"https:\/\/kotrbova.cz\/index.php?rest_route=\/wp\/v2\/users\/1"}],"replies":[{"embeddable":true,"href":"https:\/\/kotrbova.cz\/index.php?rest_route=%2Fwp%2Fv2%2Fcomments&post=15"}],"version-history":[{"count":7,"href":"https:\/\/kotrbova.cz\/index.php?rest_route=\/wp\/v2\/pages\/15\/revisions"}],"predecessor-version":[{"id":296,"href":"https:\/\/kotrbova.cz\/index.php?rest_route=\/wp\/v2\/pages\/15\/revisions\/296"}],"wp:attachment":[{"href":"https:\/\/kotrbova.cz\/index.php?rest_route=%2Fwp%2Fv2%2Fmedia&parent=15"}],"curies":[{"name":"wp","href":"https:\/\/api.w.org\/{rel}","templated":true}]}}