{"id":131,"date":"2019-07-19T19:24:09","date_gmt":"2019-07-19T17:24:09","guid":{"rendered":"http:\/\/kotrbova.cz\/?page_id=131"},"modified":"2025-09-28T17:52:54","modified_gmt":"2025-09-28T15:52:54","slug":"turisticka-ubytovna","status":"publish","type":"page","link":"https:\/\/kotrbova.cz\/?page_id=131","title":{"rendered":"Turistick\u00e1 ubytovna"},"content":{"rendered":"\n<p>Nab\u00edz\u00edme V\u00e1m ubytov\u00e1n\u00ed pro Va\u0161e zam\u011bstnance jak kr\u00e1tkodob\u00e9, tak i dlouhodob\u00e9. V klidn\u00e9m prost\u0159ed\u00ed, ale bl\u00edzko centra m\u011bsta (za pivovarem Budvar).<\/p>\n\n\n\n<ul class=\"wp-block-list\">\n<li>kapacita ubytovny je 45 l\u016f\u017eek<\/li>\n\n\n\n<li>pokoje jsou 2-4 l\u016f\u017ekov\u00e9<\/li>\n\n\n\n<li>vybaven\u00e1 kuchy\u0148ka pro cel\u00e9 patro &#8211; n\u00e1dob\u00ed<\/li>\n\n\n\n<li>pra\u010dka, Wi-Fi, l\u016f\u017ekoviny &#8211; v\u0161e v cen\u011b<\/li>\n\n\n\n<li>spole\u010dn\u00e9 WC + sprchy na ka\u017ed\u00e9m pat\u0159e<\/li>\n\n\n\n<li>klidn\u00e9 prost\u0159ed\u00ed, st\u00e1l\u00e1 klientela<\/li>\n\n\n\n<li>u are\u00e1lu ubytovny je mo\u017enost parkov\u00e1n\u00ed<\/li>\n<\/ul>\n\n\n\n<p>Nab\u00edz\u00edme i u\u010debnu se 40 m\u00edsty a vybaven\u00edm pro p\u0159edn\u00e1\u0161ky a kurzy.<\/p>\n\n\n\n<p><\/p>\n\n\n\n<p><\/p>\n\n\n\n<div class=\"wp-block-group\"><div class=\"wp-block-group__inner-container is-layout-constrained wp-block-group-is-layout-constrained\">\n<p>cena pouze na 1 noc 300,-K\u010d + 50,-K\u010d ubytovac\u00ed poplatek pro \u010c.B.<\/p>\n\n\n\n<p>cena za 2 noci&nbsp;a v\u00edce 250,-K\u010d + 50,-K\u010d ubytovac\u00ed poplatek pro \u010c.B.&nbsp;&nbsp;&nbsp; <\/p>\n<\/div><\/div>\n\n\n\n<p>Nejsme pl\u00e1tci DPH.<\/p>\n\n\n\n<p>Cena platn\u00e1 od 1.1. 2024<\/p>\n\n\n\n<div class=\"wp-block-group\"><div class=\"wp-block-group__inner-container is-layout-constrained wp-block-group-is-layout-constrained\">\n<p>Kontakt J. L\u00e1vi\u010dkov\u00e1 <\/p>\n\n\n\n<ul class=\"wp-block-list\">\n<li>e-mail: info@kotrbova.cz<\/li>\n\n\n\n<li>tel.: 387 310 688, 775 725 835<\/li>\n\n\n\n<li>po-p\u00e1 6.30 -14.30 hod<\/li>\n<\/ul>\n<\/div><\/div>\n\n\n\n<p><strong>! Ubytov\u00e1n\u00ed je nutn\u00e9 objednat p\u0159edem.<\/strong><\/p>\n","protected":false},"excerpt":{"rendered":"<p>Nab\u00edz\u00edme V\u00e1m ubytov\u00e1n\u00ed pro Va\u0161e zam\u011bstnance jak kr\u00e1tkodob\u00e9, tak i dlouhodob\u00e9. V klidn\u00e9m prost\u0159ed\u00ed, ale bl\u00edzko centra m\u011bsta (za pivovarem Budvar). Nab\u00edz\u00edme i u\u010debnu se 40 m\u00edsty a vybaven\u00edm pro p\u0159edn\u00e1\u0161ky a kurzy. cena pouze na 1 noc 300,-K\u010d + 50,-K\u010d ubytovac\u00ed poplatek pro \u010c.B. cena za 2 noci&nbsp;a v\u00edce 250,-K\u010d + 50,-K\u010d ubytovac\u00ed poplatek &hellip; <a href=\"https:\/\/kotrbova.cz\/?page_id=131\" class=\"more-link\">Pokra\u010dovat ve \u010dten\u00ed<span class=\"screen-reader-text\"> &#8222;Turistick\u00e1 ubytovna&#8220;<\/span><\/a><\/p>\n","protected":false},"author":1,"featured_media":0,"parent":0,"menu_order":0,"comment_status":"closed","ping_status":"closed","template":"","meta":{"footnotes":""},"class_list":["post-131","page","type-page","status-publish","hentry"],"_links":{"self":[{"href":"https:\/\/kotrbova.cz\/index.php?rest_route=\/wp\/v2\/pages\/131","targetHints":{"allow":["GET"]}}],"collection":[{"href":"https:\/\/kotrbova.cz\/index.php?rest_route=\/wp\/v2\/pages"}],"about":[{"href":"https:\/\/kotrbova.cz\/index.php?rest_route=\/wp\/v2\/types\/page"}],"author":[{"embeddable":true,"href":"https:\/\/kotrbova.cz\/index.php?rest_route=\/wp\/v2\/users\/1"}],"replies":[{"embeddable":true,"href":"https:\/\/kotrbova.cz\/index.php?rest_route=%2Fwp%2Fv2%2Fcomments&post=131"}],"version-history":[{"count":16,"href":"https:\/\/kotrbova.cz\/index.php?rest_route=\/wp\/v2\/pages\/131\/revisions"}],"predecessor-version":[{"id":282,"href":"https:\/\/kotrbova.cz\/index.php?rest_route=\/wp\/v2\/pages\/131\/revisions\/282"}],"wp:attachment":[{"href":"https:\/\/kotrbova.cz\/index.php?rest_route=%2Fwp%2Fv2%2Fmedia&parent=131"}],"curies":[{"name":"wp","href":"https:\/\/api.w.org\/{rel}","templated":true}]}}